{"id":261,"date":"2017-12-03T09:55:14","date_gmt":"2017-12-03T08:55:14","guid":{"rendered":"https:\/\/medienbuero-babelsberg.de\/?page_id=261"},"modified":"2021-12-01T11:41:06","modified_gmt":"2021-12-01T10:41:06","slug":"imprint","status":"publish","type":"page","link":"https:\/\/medienbuero-babelsberg.de\/en\/imprint\/","title":{"rendered":"Imprint"},"content":{"rendered":"<section class=\"l-section wpb_row height_medium\"><div class=\"l-section-h i-cf\"><div class=\"g-cols vc_row via_grid cols_1 laptops-cols_inherit tablets-cols_inherit mobiles-cols_1 valign_top type_default stacking_default\"><div class=\"wpb_column vc_column_container\"><div class=\"vc_column-inner\">[vc_custom_heading text=&#8221;Impressum&#8221; font_container=&#8221;tag:h1|text_align:left|color:%2376b700&#8243; use_theme_fonts=&#8221;yes&#8221; css=&#8221;%7B%22default%22%3A%7B%22color%22%3A%22%2376b700%22%7D%7D&#8221;]<div class=\"wpb_text_column\"><div class=\"wpb_wrapper\"><p><strong>medienbuero babelsberg<\/strong><br \/>\nSandra Wieschollek &amp; Helga Lensch GbR<br \/>\nKarl-Liebknecht-Str. 35<br \/>\n14482 Potsdam<br \/>\nGermany<\/p>\n<p>Telefon: +49 331 58 39 60 85<br \/>\n<a href=\"mailto:info@medienbuero-babelsberg.de\">info@medienbuero-babelsberg.de<\/a><\/p>\n<p><strong>Gesch\u00e4ftsf\u00fchrende Gesellschafterinnen<\/strong><br \/>\nSandra Wieschollek-Lensch und Helga Lensch<\/p>\n<p><strong>Verantwortlich f\u00fcr den Inhalt dieser Website<\/strong><br \/>\nSandra Wieschollek-Lensch und Helga Lensch<br \/>\nAnschrift wie obenstehend<\/p>\n<p><strong>Europ\u00e4ische UID-Nr.<\/strong><br \/>\nDE 25 66 388 96<\/p>\n<p><strong>Steueridentifikationsnummer<\/strong><br \/>\n046 159 10 460<\/p>\n<p>Die Sandra Wieschollek &amp; Helga Lensch GbR \u00fcbernimmt hiermit ausdr\u00fccklich keine Verantwortung f\u00fcr Inhalte externer Internetseiten, auf die bzw. von denen verwiesen wird.\u00a0Kopieren oder Reproduzieren oder jede Art der Wiedergabe oder Verwendung der auf diesen Webseiten verf\u00fcgbaren Bilder bzw. Informationen nur mit schriftlicher Genehmigung von Helga Lensch oder Sandra Wieschollek.<\/p>\n<\/div><\/div><div class=\"w-separator size_medium\"><\/div>[vc_custom_heading text=&#8221;Gestaltung und Umsetzung&#8221; font_container=&#8221;tag:h3|text_align:left|color:%233a689b&#8221; use_theme_fonts=&#8221;yes&#8221; css=&#8221;%7B%22default%22%3A%7B%22color%22%3A%22%233a689b%22%7D%7D&#8221;]<div class=\"wpb_text_column\"><div class=\"wpb_wrapper\"><p><strong>DIGITAL NATIVES | We are born digital.<\/strong><br \/>\nAdrian und Adalbert Rohr GbR<br \/>\n<a href=\"https:\/\/www.digital-natives.agency\/\" target=\"_blank\" rel=\"noopener\">www.digital-natives.agency<\/a><\/p>\n<\/div><\/div><\/div><\/div><\/div><\/div><\/section>\n","protected":false},"excerpt":{"rendered":"[vc_custom_heading text=\"Impressum\" font_container=\"tag:h1|text_align:left|color:%2376b700\" use_theme_fonts=\"yes\" css=\"%7B%22default%22%3A%7B%22color%22%3A%22%2376b700%22%7D%7D\"]medienbuero babelsberg Sandra Wieschollek &amp; Helga Lensch GbR Karl-Liebknecht-Str. 35 14482 Potsdam Germany Telefon: +49 331 58 39 60 85 info@medienbuero-babelsberg.de Gesch\u00e4ftsf\u00fchrende Gesellschafterinnen Sandra Wieschollek-Lensch und Helga Lensch Verantwortlich f\u00fcr den Inhalt dieser Website Sandra Wieschollek-Lensch und Helga Lensch Anschrift wie obenstehend Europ\u00e4ische UID-Nr. DE 25 66 388 96 Steueridentifikationsnummer 046...","protected":false},"author":2,"featured_media":0,"parent":0,"menu_order":0,"comment_status":"closed","ping_status":"closed","template":"","meta":{"footnotes":""},"class_list":["post-261","page","type-page","status-publish","hentry"],"_links":{"self":[{"href":"https:\/\/medienbuero-babelsberg.de\/en\/wp-json\/wp\/v2\/pages\/261","targetHints":{"allow":["GET"]}}],"collection":[{"href":"https:\/\/medienbuero-babelsberg.de\/en\/wp-json\/wp\/v2\/pages"}],"about":[{"href":"https:\/\/medienbuero-babelsberg.de\/en\/wp-json\/wp\/v2\/types\/page"}],"author":[{"embeddable":true,"href":"https:\/\/medienbuero-babelsberg.de\/en\/wp-json\/wp\/v2\/users\/2"}],"replies":[{"embeddable":true,"href":"https:\/\/medienbuero-babelsberg.de\/en\/wp-json\/wp\/v2\/comments?post=261"}],"version-history":[{"count":3,"href":"https:\/\/medienbuero-babelsberg.de\/en\/wp-json\/wp\/v2\/pages\/261\/revisions"}],"predecessor-version":[{"id":1319,"href":"https:\/\/medienbuero-babelsberg.de\/en\/wp-json\/wp\/v2\/pages\/261\/revisions\/1319"}],"wp:attachment":[{"href":"https:\/\/medienbuero-babelsberg.de\/en\/wp-json\/wp\/v2\/media?parent=261"}],"curies":[{"name":"wp","href":"https:\/\/api.w.org\/{rel}","templated":true}]}}